{"id":26130,"date":"2014-11-26T19:46:44","date_gmt":"2014-11-26T19:46:44","guid":{"rendered":"http:\/\/turbo.jmdev.ru\/?page_id=26130"},"modified":"2014-11-26T19:46:44","modified_gmt":"2014-11-26T19:46:44","slug":"garantii","status":"publish","type":"page","link":"https:\/\/turbomotors.eu\/et\/garantii\/","title":{"rendered":"Garantii"},"content":{"rendered":"<p>Taastatud turbolaadurile ja paigaldatud varuosadele annab Turbomotors \u00fcheaastase <strong>(1 aasta)<\/strong><\/strong> garantii ilma l\u00e4bis\u00f5idupiiranguta. Samuti on \u00fcheaastase garantiiga kaetud uued turbolaadurid. Garantii kehtib auto \u00f5igeaegsete ja \u00f5igete hooldamisprotseduuride tingimusel.<\/p>\n","protected":false},"excerpt":{"rendered":"<p>Taastatud turbolaadurile ja paigaldatud varuosadele annab Turbomotors \u00fcheaastase (1 aasta) garantii ilma l\u00e4bis\u00f5idupiiranguta. Samuti on \u00fcheaastase garantiiga kaetud uued turbolaadurid. Garantii kehtib auto \u00f5igeaegsete ja \u00f5igete hooldamisprotseduuride tingimusel.<\/p>\n","protected":false},"author":1,"featured_media":0,"parent":0,"menu_order":0,"comment_status":"open","ping_status":"open","template":"page-fullwidth.php","meta":{"footnotes":""},"class_list":["post-26130","page","type-page","status-publish","hentry"],"_links":{"self":[{"href":"https:\/\/turbomotors.eu\/et\/wp-json\/wp\/v2\/pages\/26130","targetHints":{"allow":["GET"]}}],"collection":[{"href":"https:\/\/turbomotors.eu\/et\/wp-json\/wp\/v2\/pages"}],"about":[{"href":"https:\/\/turbomotors.eu\/et\/wp-json\/wp\/v2\/types\/page"}],"author":[{"embeddable":true,"href":"https:\/\/turbomotors.eu\/et\/wp-json\/wp\/v2\/users\/1"}],"replies":[{"embeddable":true,"href":"https:\/\/turbomotors.eu\/et\/wp-json\/wp\/v2\/comments?post=26130"}],"version-history":[{"count":1,"href":"https:\/\/turbomotors.eu\/et\/wp-json\/wp\/v2\/pages\/26130\/revisions"}],"predecessor-version":[{"id":26131,"href":"https:\/\/turbomotors.eu\/et\/wp-json\/wp\/v2\/pages\/26130\/revisions\/26131"}],"wp:attachment":[{"href":"https:\/\/turbomotors.eu\/et\/wp-json\/wp\/v2\/media?parent=26130"}],"curies":[{"name":"wp","href":"https:\/\/api.w.org\/{rel}","templated":true}]}}