{"id":26113,"date":"2014-11-26T19:41:06","date_gmt":"2014-11-26T19:41:06","guid":{"rendered":"http:\/\/turbo.jmdev.ru\/?page_id=26113"},"modified":"2015-01-27T10:20:49","modified_gmt":"2015-01-27T10:20:49","slug":"turbokompressorite-kataloog","status":"publish","type":"page","link":"https:\/\/turbomotors.eu\/et\/turbokompressorite-kataloog\/","title":{"rendered":"Turbokompressorite kataloog"},"content":{"rendered":"<p>Turbomotors-i laoseis koosneb turbolaadurite remondiks vajalike varuosade laiast valikust, eelnevalt taastatud turbolaadurite vahetusfondist ja uutest originaalturbolaaduritest. Uute turbolaadurite ja nende varuosade valikus on GARRETT, TOYOTA, BORG WARNER, SCHWITZER, HOLSET, HITACHI, MITSUBISHI TURBOCHARGER, IHI.<\/p>\n<p>Ettev\u00f5te spetsialistid saavad alati pakkuda asjalikku ja \u00f5igeaegset n\u00f5u, abi ja tehnilist tuge eesti, l\u00e4ti, vene ja inglise keeles.<\/p>\n<p>Lisainfo saad e-posti teel:<br \/>\ninfo@turbomotors.ee &#8211; Eesti<br \/>\nv\u00f5i telefonil:<br \/>\n+372 555 500 75<br \/>\n+372 584 381 00<\/p>\n<div class=\"grid_7 \"><h2>manufacturers<\/h2>\n<div class=\"box\">\n<div class=\"one_fourth \"><ul>\n<li><a href=\"#\">Acura<\/a><\/li>\n<li><a href=\"#\">Aston Martin<\/a><\/li>\n<li><a href=\"#\">Audi<\/a><\/li>\n<li><a href=\"#\">Bentley<\/a><\/li>\n<li><a href=\"#\">BMW<\/a><\/li>\n<li><a href=\"#\">Buick<\/a><\/li>\n<li><a href=\"#\">Cadillac<\/a><\/li>\n<li><a href=\"#\">Chevrolet<\/a><\/li>\n<li><a href=\"#\">Chrysler<\/a><\/li>\n<li><a href=\"#\">Dodge<\/a><\/li>\n<li><a href=\"#\">Ferrari<\/a><\/li>\n<li><a href=\"#\">Fiat<\/a><\/li>\n<\/ul><\/div>\n<div class=\"one_fourth \"><ul>\n<li><a href=\"#\">Fisker<\/a><\/li>\n<li><a href=\"#\">Ford<\/a><\/li>\n<li><a href=\"#\">GMC<\/a><\/li>\n<li><a href=\"#\">Honda<\/a><\/li>\n<li><a href=\"#\">Hyundai<\/a><\/li>\n<li><a href=\"#\">Infiniti<\/a><\/li>\n<li><a href=\"#\">Jaguar<\/a><\/li>\n<li><a href=\"#\">Jeep<\/a><\/li>\n<li><a href=\"#\">Kia<\/a><\/li>\n<li><a href=\"#\">Lamborghini<\/a><\/li>\n<li><a href=\"#\">Land Rover<\/a><\/li>\n<li><a href=\"#\">Lexus<\/a><\/li>\n<\/ul><\/div>\n<div class=\"one_fourth \"><ul>\n<li><a href=\"#\">Lincoln<\/a><\/li>\n<li><a href=\"#\">Lotus<\/a><\/li>\n<li><a href=\"#\">Maserati<\/a><\/li>\n<li><a href=\"#\">Maybach<\/a><\/li>\n<li><a href=\"#\">Mazda<\/a><\/li>\n<li><a href=\"#\">Mercedes-Benz<\/a><\/li>\n<li><a href=\"#\">Mercury<\/a><\/li>\n<li><a href=\"#\">MINI<\/a><\/li>\n<li><a href=\"#\">Mitsubishi<\/a><\/li>\n<li><a href=\"#\">Nissan<\/a><\/li>\n<li><a href=\"#\">Porsche<\/a><\/li>\n<li><a href=\"#\">Ram<\/a><\/li>\n<\/ul><\/div>\n<div class=\"one_fourth last\"><ul>\n<li><a href=\"#\">Rolls Royce<\/a><\/li>\n<li><a href=\"#\">Saab<\/a><\/li>\n<li><a href=\"#\">Scion<\/a><\/li>\n<li><a href=\"#\">Smart<\/a><\/li>\n<li><a href=\"#\">Subaru<\/a><\/li>\n<li><a href=\"#\">Suzuki<\/a><\/li>\n<li><a href=\"#\">Tesla<\/a><\/li>\n<li><a href=\"#\">Toyota<\/a><\/li>\n<li><a href=\"#\">Volkswagen<\/a><\/li>\n<li><a href=\"#\">Volvo<\/a><\/li>\n<\/ul><\/div><div class=\"clear\"><\/div>\n<div class=\"clear\"><\/div>\n<\/div><!-- .box (end) --><\/div>\n","protected":false},"excerpt":{"rendered":"<p>Turbomotors-i laoseis koosneb turbolaadurite remondiks vajalike varuosade laiast valikust, eelnevalt taastatud turbolaadurite vahetusfondist ja uutest originaalturbolaaduritest. Uute turbolaadurite ja nende varuosade valikus on GARRETT, TOYOTA, BORG WARNER, SCHWITZER, HOLSET, HITACHI, MITSUBISHI TURBOCHARGER, IHI. Ettev\u00f5te spetsialistid saavad alati pakkuda asjalikku ja \u00f5igeaegset n\u00f5u, abi ja tehnilist tuge eesti, l\u00e4ti, vene ja inglise keeles. Lisainfo saad e-posti teel: info@turbomotors.ee &#8211; Eesti v\u00f5i&nbsp;<a href=\"https:\/\/turbomotors.eu\/et\/turbokompressorite-kataloog\/\" class=\"read-more\">Continue Reading<\/a><\/p>\n","protected":false},"author":1,"featured_media":0,"parent":0,"menu_order":0,"comment_status":"open","ping_status":"open","template":"","meta":{"footnotes":""},"class_list":["post-26113","page","type-page","status-publish","hentry"],"_links":{"self":[{"href":"https:\/\/turbomotors.eu\/et\/wp-json\/wp\/v2\/pages\/26113","targetHints":{"allow":["GET"]}}],"collection":[{"href":"https:\/\/turbomotors.eu\/et\/wp-json\/wp\/v2\/pages"}],"about":[{"href":"https:\/\/turbomotors.eu\/et\/wp-json\/wp\/v2\/types\/page"}],"author":[{"embeddable":true,"href":"https:\/\/turbomotors.eu\/et\/wp-json\/wp\/v2\/users\/1"}],"replies":[{"embeddable":true,"href":"https:\/\/turbomotors.eu\/et\/wp-json\/wp\/v2\/comments?post=26113"}],"version-history":[{"count":3,"href":"https:\/\/turbomotors.eu\/et\/wp-json\/wp\/v2\/pages\/26113\/revisions"}],"predecessor-version":[{"id":26307,"href":"https:\/\/turbomotors.eu\/et\/wp-json\/wp\/v2\/pages\/26113\/revisions\/26307"}],"wp:attachment":[{"href":"https:\/\/turbomotors.eu\/et\/wp-json\/wp\/v2\/media?parent=26113"}],"curies":[{"name":"wp","href":"https:\/\/api.w.org\/{rel}","templated":true}]}}