{"id":26094,"date":"2014-11-26T19:30:16","date_gmt":"2014-11-26T19:30:16","guid":{"rendered":"http:\/\/turbo.jmdev.ru\/?page_id=26094"},"modified":"2014-11-26T19:30:16","modified_gmt":"2014-11-26T19:30:16","slug":"firmast","status":"publish","type":"page","link":"https:\/\/turbomotors.eu\/et\/firmast\/","title":{"rendered":"Firmast"},"content":{"rendered":"<p><strong>Turbomotors<\/strong> tegutseb turul alates 2006. aastast. Ettev\u00f5tte tegevusalaks on turbokompressorite remont ja varuosade m\u00fc\u00fck. Tootevalikus on esindatud maailma tippbr\u00e4ndid.<br \/>\nRemondit\u00f6\u00f6koda ja pealadu asuvad L\u00e4ti pealinnas Riias, aadressil Granita 3-5. Eesti esindus avati 2014. aasta m\u00e4rtsis Tallinnas aadressil Suur-S\u00f5jam\u00e4e 31. Esialgselt Tallinnas paiknevas vahetusfondi laos viiakse l\u00e4bi ka esmane defekteerimine. L\u00e4hitulevikus lisandub ka t\u00e4isv\u00e4\u00e4rtuslik remondibaas, kus teostatakse kogu remont v\u00f5imalikult l\u00fchikese ajaga kohapeal.<\/p>\n<p>Turbomotors taastab s\u00f5idu- ja veoautode, samuti p\u00f5llumajandus- ja eritehnika turbokompressoreid. Taastatud kompressorid on v\u00f5imelised t\u00f6\u00f6tama k\u00f5ige raskemates oludes, kus iga s\u00f5lme t\u00f6\u00f6kindlus omab kriitilist t\u00e4htsust.<br \/>\nEttev\u00f5te spetsialistidel on viieteist aasta pikkune kogemus turbokompressorite remondi alal. K\u00f5ige t\u00e4psemad ja kaasaegsemad seadmed, kvaliteetsete osade kasutamine ja t\u00e4pne tehnoloogia j\u00e4lgimine garanteerivad kliendile t\u00f6\u00f6de k\u00f5rgeima v\u00f5imaliku kvaliteedi.<br \/>\nMeie seadmeparki kuuluvad sellised tasakaalustusstendid nagu Turbotechnics MK3 ja TMI Modificata, arvutijuhtimisega aktuaatorite kontroll- ja kalibreerimisstendid REDAT ja ATD. Seadmete park pidevalt uueneb ja t\u00e4ieneb. Selliste seadmete kasutamine ja rangete ettev\u00f5ttesiseste kvaliteedin\u00f5uete j\u00e4rgimine lubavad O\u00dc Turbomotors-il t\u00e4ita oma partnerite ja klientide n\u00f5udmisi Baltikumis, Venemaal ja L\u00e4\u00e4ne-Euroopas.<\/p>\n<p><strong>KVALITEEDIN\u00d5UDED<\/strong><\/p>\n<p>Turbokompressori kvaliteetse taastamise ja h\u00e4\u00e4lestamise aluseks on t\u00e4pne kontroll igas taastamise etapis alates defekteerimisest kuni l\u00f5pptoote valmimiseni. K\u00f5ik, isegi v\u00e4iksemad turbo osad saavad protsessi k\u00e4igus \u00fclit\u00e4pselt m\u00f5\u00f5detud ja tasakaalustatud.<br \/>\nRemondibaas sisaldab endas mitme erineva eesm\u00e4rgiga sektsiooni, mis on jaotatud vastavalt tegevusele:<br \/>\n\u2022\tkompressori osandamine ja esmane defekteerimine;<br \/>\n\u2022\tosade abrasiiv- ja ultrahelipuhastus;<br \/>\n\u2022\tmehhaaniline t\u00f6\u00f6tlemine ja lukksepat\u00f6\u00f6d;<br \/>\n\u2022\tv\u00e4rvimine;<br \/>\n\u2022\tkompressori monteerimine ja tasakaalustamine;<br \/>\n\u2022\tvaruosade ja valmistoodangu ladu.<br \/>\nMeie tarnijad omavad kvaliteeti t\u00f5endavat sertifikaati ISO9001:2008. Oma tegevuse algusest alates teeb O\u00dc Turbomotors edukat koost\u00f6\u00f6d Inglismaa k\u00f5rgkvaliteetsete turbokompressorite koostisosade tootjaga Melett.<\/p>\n<p><strong>TURBOMOTORS \u2013 KINDEL PARTNER<\/strong><\/p>\n<p>Tegevuse mitme aasta jooksul on ettev\u00f5te Turbomotors olnud oma klientidele kindlaks partneriks. Meie pakume m\u00f5istlikku kompromissi uute ja taastatud kompressorite hinnalahendustes ja seejuures ei tee kompromisse oma t\u00f6\u00f6 kvaliteedi osas.<br \/>\nEttev\u00f5te spetsialistid saavad alati pakkuda asjalikku ja \u00f5igeaegset n\u00f5u, abi ja tehnilist tuge eesti, l\u00e4ti, vene ja inglise keeles.<\/p>\n","protected":false},"excerpt":{"rendered":"<p>Turbomotors tegutseb turul alates 2006. aastast. Ettev\u00f5tte tegevusalaks on turbokompressorite remont ja varuosade m\u00fc\u00fck. Tootevalikus on esindatud maailma tippbr\u00e4ndid. Remondit\u00f6\u00f6koda ja pealadu asuvad L\u00e4ti pealinnas Riias, aadressil Granita 3-5. Eesti esindus avati 2014. aasta m\u00e4rtsis Tallinnas aadressil Suur-S\u00f5jam\u00e4e 31. Esialgselt Tallinnas paiknevas vahetusfondi laos viiakse l\u00e4bi ka esmane defekteerimine. L\u00e4hitulevikus lisandub ka t\u00e4isv\u00e4\u00e4rtuslik remondibaas, kus teostatakse kogu remont v\u00f5imalikult l\u00fchikese&nbsp;<a href=\"https:\/\/turbomotors.eu\/et\/firmast\/\" class=\"read-more\">Continue Reading<\/a><\/p>\n","protected":false},"author":1,"featured_media":0,"parent":0,"menu_order":0,"comment_status":"open","ping_status":"open","template":"","meta":{"footnotes":""},"class_list":["post-26094","page","type-page","status-publish","hentry"],"_links":{"self":[{"href":"https:\/\/turbomotors.eu\/et\/wp-json\/wp\/v2\/pages\/26094","targetHints":{"allow":["GET"]}}],"collection":[{"href":"https:\/\/turbomotors.eu\/et\/wp-json\/wp\/v2\/pages"}],"about":[{"href":"https:\/\/turbomotors.eu\/et\/wp-json\/wp\/v2\/types\/page"}],"author":[{"embeddable":true,"href":"https:\/\/turbomotors.eu\/et\/wp-json\/wp\/v2\/users\/1"}],"replies":[{"embeddable":true,"href":"https:\/\/turbomotors.eu\/et\/wp-json\/wp\/v2\/comments?post=26094"}],"version-history":[{"count":1,"href":"https:\/\/turbomotors.eu\/et\/wp-json\/wp\/v2\/pages\/26094\/revisions"}],"predecessor-version":[{"id":26095,"href":"https:\/\/turbomotors.eu\/et\/wp-json\/wp\/v2\/pages\/26094\/revisions\/26095"}],"wp:attachment":[{"href":"https:\/\/turbomotors.eu\/et\/wp-json\/wp\/v2\/media?parent=26094"}],"curies":[{"name":"wp","href":"https:\/\/api.w.org\/{rel}","templated":true}]}}